{"id":7,"date":"2019-08-07T22:27:05","date_gmt":"2019-08-07T20:27:05","guid":{"rendered":"https:\/\/5tejahreszeit.wordpress.com\/?page_id=4"},"modified":"2019-11-17T16:04:07","modified_gmt":"2019-11-17T15:04:07","slug":"blog","status":"publish","type":"page","link":"https:\/\/www.fasi-netz-zg.ch\/","title":{"rendered":"Netzwerk"},"content":{"rendered":"\n<p class=\"has-background has-pale-cyan-blue-background-color\">Die Begeisterung f\u00fcr die f\u00fcnfte Jahreszeit lebt in unseren Herzen &#8211; und \u00fcber alle Grenzen hinweg. So m\u00f6chten wir auf dieser Seite die verschiedenen Fasnachtstraditionen der einzelnen Gemeinden aufzeigen, individuell und einzigartig wie eben jede Gemeinde ist. <br><br>Aber auch verbindend, als Netz, in dem sich jede Zunft, jeder Verein, jede Gruppe,  aufgehoben und gehalten f\u00fchlen darf. Ein Netzwerk \u00fcber Grenzen hinweg &#8211; das uns eint, wie uns die Begeisterung f\u00fcr die f\u00fcnfte Jahreszeit <br>eint ! <br><br>Wir hoffen, dass ihr bald einmal alle Informationen, alle Links und vieles mehr, auf dieser Seite findet und wir &#8211; jeder auf seine Art und Weise &#8211; ein St\u00fcck zusammenr\u00fccken. <br><br>Anregungen, W\u00fcnsche etc. sind jederzeit herzlich willkommen. <\/p>\n\n\n\n<figure class=\"wp-block-image size-large\"><img decoding=\"async\" src=\"https:\/\/www.fasi-netz-zg.ch\/wp-content\/uploads\/2019\/09\/deko-heic39fluftballon-sc3a4cke-mit-sand-korb-groc39fer-ball-in-weic39f-und-blau-netz.jpg?w=683\" alt=\"\" class=\"wp-image-115\"\/><figcaption><strong>Ein Netzwerk zum Abheben, Aufsteigen, getragen sein &#8211; gemeinsam und mit \u00dcberblick!<\/strong><\/figcaption><\/figure>\n\n\n\n<hr class=\"wp-block-separator is-style-wide\"\/>\n\n\n\n<p class=\"has-background has-text-align-left has-pale-cyan-blue-background-color\">Lasst uns Eure Anliegen per Mail zukommen &#8230; wir freuen uns !<br>F\u00fcllt einfach das Formular unter der Rubrik &#8222;Kontakt&#8220; aus. <\/p>\n","protected":false},"excerpt":{"rendered":"<p>Die Begeisterung f\u00fcr die f\u00fcnfte Jahreszeit lebt in unseren Herzen &#8211; und \u00fcber alle Grenzen hinweg. So m\u00f6chten wir auf dieser Seite die verschiedenen Fasnachtstraditionen der einzelnen Gemeinden aufzeigen, individuell und einzigartig wie eben jede Gemeinde ist. Aber auch verbindend, als Netz, in dem sich jede Zunft, jeder Verein, jede Gruppe, aufgehoben und gehalten f\u00fchlen &hellip; <\/p>\n<p class=\"link-more\"><a href=\"https:\/\/www.fasi-netz-zg.ch\/\" class=\"more-link\"><span class=\"screen-reader-text\">\u201eNetzwerk\u201c<\/span> weiterlesen<\/a><\/p>\n","protected":false},"author":1,"featured_media":0,"parent":0,"menu_order":2,"comment_status":"closed","ping_status":"closed","template":"","meta":{"footnotes":""},"class_list":["post-7","page","type-page","status-publish","hentry"],"_links":{"self":[{"href":"https:\/\/www.fasi-netz-zg.ch\/index.php?rest_route=\/wp\/v2\/pages\/7"}],"collection":[{"href":"https:\/\/www.fasi-netz-zg.ch\/index.php?rest_route=\/wp\/v2\/pages"}],"about":[{"href":"https:\/\/www.fasi-netz-zg.ch\/index.php?rest_route=\/wp\/v2\/types\/page"}],"author":[{"embeddable":true,"href":"https:\/\/www.fasi-netz-zg.ch\/index.php?rest_route=\/wp\/v2\/users\/1"}],"replies":[{"embeddable":true,"href":"https:\/\/www.fasi-netz-zg.ch\/index.php?rest_route=%2Fwp%2Fv2%2Fcomments&post=7"}],"version-history":[{"count":10,"href":"https:\/\/www.fasi-netz-zg.ch\/index.php?rest_route=\/wp\/v2\/pages\/7\/revisions"}],"predecessor-version":[{"id":451,"href":"https:\/\/www.fasi-netz-zg.ch\/index.php?rest_route=\/wp\/v2\/pages\/7\/revisions\/451"}],"wp:attachment":[{"href":"https:\/\/www.fasi-netz-zg.ch\/index.php?rest_route=%2Fwp%2Fv2%2Fmedia&parent=7"}],"curies":[{"name":"wp","href":"https:\/\/api.w.org\/{rel}","templated":true}]}}