{"id":37,"date":"2019-08-08T18:53:38","date_gmt":"2019-08-08T16:53:38","guid":{"rendered":"https:\/\/5tejahreszeit.wordpress.com\/?page_id=37"},"modified":"2019-11-17T15:19:24","modified_gmt":"2019-11-17T14:19:24","slug":"steigrind","status":"publish","type":"page","link":"https:\/\/www.fasi-netz-zg.ch\/?page_id=37","title":{"rendered":"Steinhausen"},"content":{"rendered":"\n<div class=\"wp-block-media-text alignfull is-stacked-on-mobile is-vertically-aligned-top\"><figure class=\"wp-block-media-text__media\"><img decoding=\"async\" src=\"https:\/\/www.fasi-netz-zg.ch\/wp-content\/uploads\/2019\/09\/bildschirmfoto-2019-09-07-um-09.19.19-1.png?w=327\" alt=\"\" class=\"wp-image-131\"\/><\/figure><div class=\"wp-block-media-text__content\">\n<h3 class=\"has-text-align-left wp-block-heading\">Fasnachtsgesellschaft Steinhausen<\/h3>\n\n\n\n<p class=\"has-small-font-size\"><strong>Die Fasnacht in Steinhausen hat eine lange Tradition. Hier ein kleiner Auszug aus unserer Chronik \u201c Vom Bauelebock zum Steigrind \u201e<br><\/strong><\/p>\n\n\n\n<p class=\"has-small-font-size\">Nach dem 2. Weltkrieg, als Steinhausen noch ein b\u00e4uerlich gepr\u00e4gtes 1000 Seelendorf war, verteilten die Ladenbesitzer am Fasnachtsdienstag Mutschli und Z\u00e4ltli an die verkleideten Kinder. Die Jungwacht nahm sich sp\u00e4ter der Strassenfasnacht an und erschuf in diesem Rahmen dann auch den Bauelebock. Baueleb\u00f6cke wurden die Steinhauser fr\u00fcher genannt, weil sie mit dem Transport der Baumwolle ( Bauele ) und deren Verarbeitung zu tun hatten. Das damalige Fasnachtssymbol wurde vom Schulhaus ins Dorf gef\u00fchrt, wo es unter dem Schlachtruf \u201c Bauelebock du arme Tropf, du bisch \u00fcse S\u00fcndebock\u201c dem Flammentod \u00fcbergeben wurde. Je nach Gem\u00fctszustand der Jungwacht und deren Leitung erlebte die Fasnacht ihre Hochs und Tiefs. Die Strassenfasnacht, die damals etwas eingeschlafen war, wurde in den siebziger Jahren von der Schule und dessen Lehrkr\u00e4ften wieder zum Leben erweckt. In den Klassen wurden aus Pappmach\u00e9 Aufsetzk\u00f6pfe gebastelt, die am Fasnachtsdienstag beim Umzug auf dem Schulgel\u00e4nde vorgef\u00fchrt wurden. So wurde der Steigrind ins Leben gerufen. Sp\u00e4ter weitete sich der Umzug bis ins Dorf aus, und einige Jahre pr\u00e4mierte der Gewerbeverein sogar die besten Masken. Anfangs der achtziger Jahre wurde dann die Fasnachtsgesellschaft Steinhausen gegr\u00fcndet. Sie \u00fcbernahm die Organisation der Strassenfasnacht und den Bau des Steigrindes. Urspr\u00fcnglich bestand der Kern des fast drei Meter grossen Kopfes aus einem Drahtgeflecht.Es hielt der Belastung durch das Abdeckmaterial jedoch nicht richtig Stand, so dass das Gesicht in sich zusammen fiel. Deshalb wurde iosk\u00fcnftig ein fester Kern aus Metall geschweisst. Feine Holzlatten, welche dann \u00fcberklettert wurden, gaben dem Kopf die Form. Am Schluss wurde dem Grind ein Gesicht gemalt und ihm eine Per\u00fccke aufgesetzt. Am Fasnachtsdienstag wurde er f\u00fcr den Umzug aus seiner luftigen H\u00f6he auf dem Dorfplatz heruntergeholt und in einem Wagen mitgef\u00fchrt. Am Abend wurde er dann dem Feuer \u00fcbergeben. Seit der Umzug auf den Freitagnachmittag vorverlegt wurde, bleibt der Steigrind auf dem Kreisel. Am Fasnachtsdienstag wird jetzt ein Duplikat verbrannt, welches bereits am Freitag am Umzug teilnimmt. Mit Jakob F\u00e4hndrich wurde 1985 erstmals ein Oberhaupt, der sogenannte \u201eSteivater\u201c oder die \u201eSteimutter\u201c erkoren, welches die Steinhauser Fasnacht ein Jahr lang anf\u00fchrt. Mit der Inthronisation des jeweils neuen Oberhauptes tritt der \u201eSteivater\/Steimutter\u201c in die Riege der Ehrengarde \u00fcber. Diese Tradition wird bis Heute weitergef\u00fchrt.<\/p>\n\n\n\n<div class=\"wp-block-button\"><a class=\"wp-block-button__link\" href=\"info@steigrind.ch\">In Kontakt treten<\/a><\/div>\n<\/div><\/div>\n\n\n\n<div style=\"height:16px\" aria-hidden=\"true\" class=\"wp-block-spacer desktop-only\"><\/div>\n\n\n\n<hr class=\"wp-block-separator is-style-wide\"\/>\n\n\n\n<div class=\"wp-block-media-text alignwide\"><figure class=\"wp-block-media-text__media\"><img loading=\"lazy\" decoding=\"async\" width=\"369\" height=\"528\" src=\"https:\/\/www.fasi-netz-zg.ch\/wp-content\/uploads\/2019\/11\/Bildschirmfoto-2019-11-11-um-21.16.50.png\" alt=\"\" class=\"wp-image-349\" srcset=\"https:\/\/www.fasi-netz-zg.ch\/wp-content\/uploads\/2019\/11\/Bildschirmfoto-2019-11-11-um-21.16.50.png 369w, https:\/\/www.fasi-netz-zg.ch\/wp-content\/uploads\/2019\/11\/Bildschirmfoto-2019-11-11-um-21.16.50-210x300.png 210w\" sizes=\"(max-width: 369px) 100vw, 369px\" \/><\/figure><div class=\"wp-block-media-text__content\">\n<p class=\"has-background has-medium-font-size has-vivid-cyan-blue-background-color\">Steivater <br>Gregor I. <br>Motto: <br>Meerw\u00e4gst\u00fc\u00fcr<\/p>\n<\/div><\/div>\n\n\n\n<div style=\"height:16px\" aria-hidden=\"true\" class=\"wp-block-spacer desktop-only\"><\/div>\n\n\n\n<figure class=\"wp-block-gallery aligncenter columns-2 is-cropped wp-block-gallery-1 is-layout-flex wp-block-gallery-is-layout-flex\"><ul class=\"blocks-gallery-grid\"><li class=\"blocks-gallery-item\"><figure><img loading=\"lazy\" decoding=\"async\" width=\"493\" height=\"700\" src=\"https:\/\/www.fasi-netz-zg.ch\/wp-content\/uploads\/2019\/11\/Bildschirmfoto-2019-11-11-um-21.20.54.png\" alt=\"\" data-id=\"351\" data-full-url=\"https:\/\/www.fasi-netz-zg.ch\/wp-content\/uploads\/2019\/11\/Bildschirmfoto-2019-11-11-um-21.20.54.png\" data-link=\"https:\/\/www.fasi-netz-zg.ch\/?attachment_id=351\" class=\"wp-image-351\" srcset=\"https:\/\/www.fasi-netz-zg.ch\/wp-content\/uploads\/2019\/11\/Bildschirmfoto-2019-11-11-um-21.20.54.png 493w, https:\/\/www.fasi-netz-zg.ch\/wp-content\/uploads\/2019\/11\/Bildschirmfoto-2019-11-11-um-21.20.54-211x300.png 211w\" sizes=\"(max-width: 493px) 100vw, 493px\" \/><\/figure><\/li><li class=\"blocks-gallery-item\"><figure><img loading=\"lazy\" decoding=\"async\" width=\"325\" height=\"464\" src=\"https:\/\/www.fasi-netz-zg.ch\/wp-content\/uploads\/2019\/11\/Bildschirmfoto-2019-11-11-um-21.20.24.png\" alt=\"\" data-id=\"350\" data-full-url=\"https:\/\/www.fasi-netz-zg.ch\/wp-content\/uploads\/2019\/11\/Bildschirmfoto-2019-11-11-um-21.20.24.png\" data-link=\"https:\/\/www.fasi-netz-zg.ch\/?attachment_id=350\" class=\"wp-image-350\" srcset=\"https:\/\/www.fasi-netz-zg.ch\/wp-content\/uploads\/2019\/11\/Bildschirmfoto-2019-11-11-um-21.20.24.png 325w, https:\/\/www.fasi-netz-zg.ch\/wp-content\/uploads\/2019\/11\/Bildschirmfoto-2019-11-11-um-21.20.24-210x300.png 210w\" sizes=\"(max-width: 325px) 100vw, 325px\" \/><\/figure><\/li><\/ul><\/figure>\n\n\n\n<h2 class=\"has-text-align-center wp-block-heading\">Anl\u00e4sse \/ Agenda \/ Anmeldungen<\/h2>\n\n\n\n<div style=\"height:16px\" aria-hidden=\"true\" class=\"wp-block-spacer desktop-only\"><\/div>\n\n\n\n<div class=\"wp-block-columns alignwide has-3-columns is-layout-flex wp-container-core-columns-is-layout-1 wp-block-columns-is-layout-flex\">\n<div class=\"wp-block-column is-layout-flow wp-block-column-is-layout-flow\">\n<div class=\"wp-block-image\"><figure class=\"aligncenter size-large\"><img decoding=\"async\" src=\"https:\/\/www.fasi-netz-zg.ch\/wp-content\/uploads\/2019\/09\/bildschirmfoto-2019-09-07-um-09.19.19-1.png?w=327\" alt=\"\" class=\"wp-image-131\"\/><\/figure><\/div>\n\n\n\n<h4 class=\"has-text-align-left wp-block-heading\">Inthronisation<br>01. Februar 2020<\/h4>\n\n\n\n<p class=\"has-small-font-size\">Am <strong>01. Februar 2020 wird unser neuer Steivater Gregor I. in Amt und W\u00fcrden gesetzt. Ab 18.30 Uhr <\/strong>Steigrind-Taufe auf dem Kreisel im Dorf, ab 20.00 Uhr Inthronisation im Gemeindesaal Steinhausen. Sei dabei, reserviere Deinen Platz und teile der Zeremonienmeistern Christina I. mit, ob Du Gregor I. mit einer Huldigung \u00fcberraschen m\u00f6chtest. <br>Mails f\u00fcr Reservation\/Huldigung etc. an<br><a href=\"info@steigrind.ch\">info@steigrind.ch<\/a><br><\/p>\n<\/div>\n\n\n\n<div class=\"wp-block-column is-layout-flow wp-block-column-is-layout-flow\">\n<figure class=\"wp-block-image size-large is-resized is-style-default\"><img loading=\"lazy\" decoding=\"async\" src=\"https:\/\/www.fasi-netz-zg.ch\/wp-content\/uploads\/2019\/09\/bildschirmfoto-2019-09-07-um-09.48.02.png\" alt=\"\" class=\"wp-image-145\" width=\"161\" height=\"176\" srcset=\"https:\/\/www.fasi-netz-zg.ch\/wp-content\/uploads\/2019\/09\/bildschirmfoto-2019-09-07-um-09.48.02.png 539w, https:\/\/www.fasi-netz-zg.ch\/wp-content\/uploads\/2019\/09\/bildschirmfoto-2019-09-07-um-09.48.02-273x300.png 273w\" sizes=\"(max-width: 161px) 100vw, 161px\" \/><\/figure>\n\n\n\n<h3 class=\"has-text-align-left wp-block-heading\">Agenda<\/h3>\n\n\n\n<p class=\"has-text-align-left has-small-font-size\">Unser Jahresprogramm &#8230;<br><br>Link zur Homepage und das Jahresprogramm:<br><a href=\"https:\/\/wordpress.steigrind.ch\/?page_id=106\">https:\/\/wordpress.steigrind.ch\/?page_id=106<\/a><\/p>\n\n\n\n<p class=\"has-text-align-left has-small-font-size\"><br><br><br><\/p>\n<\/div>\n\n\n\n<div class=\"wp-block-column is-layout-flow wp-block-column-is-layout-flow\">\n<div class=\"wp-block-image\"><figure class=\"aligncenter size-large\"><img decoding=\"async\" src=\"https:\/\/www.fasi-netz-zg.ch\/wp-content\/uploads\/2019\/09\/bildschirmfoto-2019-09-07-um-09.50.20-1.png?w=1024\" alt=\"\" class=\"wp-image-146\"\/><\/figure><\/div>\n\n\n\n<h3 class=\"has-text-align-left wp-block-heading\">Umzug und Guggernacht<\/h3>\n\n\n\n<p class=\"has-text-align-left has-small-font-size\">F\u00fcr eine Anmeldung zum Umzug am Fasi-Friitig oder zur Guggernacht nutze bitte folgenden LINK: <br><a href=\"http:\/\/www.guggernacht.ch\">http:\/\/www.guggernacht.ch<\/a><br><br><br><br><\/p>\n<\/div>\n<\/div>\n\n\n\n<div style=\"height:16px\" aria-hidden=\"true\" class=\"wp-block-spacer desktop-only\"><\/div>\n\n\n\n<hr class=\"wp-block-separator is-style-wide\"\/>\n\n\n\n<div style=\"height:16px\" aria-hidden=\"true\" class=\"wp-block-spacer desktop-only\"><\/div>\n\n\n\n<h2 class=\"has-text-align-center wp-block-heading\">\u00dcber uns<\/h2>\n\n\n\n<div class=\"wp-block-group\"><div class=\"wp-block-group__inner-container is-layout-flow wp-block-group-is-layout-flow\">\n<figure class=\"wp-block-gallery columns-3 is-cropped wp-block-gallery-2 is-layout-flex wp-block-gallery-is-layout-flex\"><ul class=\"blocks-gallery-grid\"><li class=\"blocks-gallery-item\"><figure><img loading=\"lazy\" decoding=\"async\" width=\"768\" height=\"1024\" src=\"https:\/\/www.fasi-netz-zg.ch\/wp-content\/uploads\/2019\/11\/20190820_214018-768x1024.jpg\" alt=\"\" data-id=\"366\" data-full-url=\"https:\/\/www.fasi-netz-zg.ch\/wp-content\/uploads\/2019\/11\/20190820_214018-scaled.jpg\" data-link=\"https:\/\/www.fasi-netz-zg.ch\/?attachment_id=366\" class=\"wp-image-366\" srcset=\"https:\/\/www.fasi-netz-zg.ch\/wp-content\/uploads\/2019\/11\/20190820_214018-768x1024.jpg 768w, https:\/\/www.fasi-netz-zg.ch\/wp-content\/uploads\/2019\/11\/20190820_214018-225x300.jpg 225w, https:\/\/www.fasi-netz-zg.ch\/wp-content\/uploads\/2019\/11\/20190820_214018-1152x1536.jpg 1152w, https:\/\/www.fasi-netz-zg.ch\/wp-content\/uploads\/2019\/11\/20190820_214018-1536x2048.jpg 1536w, https:\/\/www.fasi-netz-zg.ch\/wp-content\/uploads\/2019\/11\/20190820_214018-scaled.jpg 1920w\" sizes=\"(max-width: 706px) 89vw, (max-width: 767px) 82vw, 740px\" \/><figcaption class=\"blocks-gallery-item__caption\">Roland Lacher<br>Pr\u00e4sident<\/figcaption><\/figure><\/li><li class=\"blocks-gallery-item\"><figure><img loading=\"lazy\" decoding=\"async\" width=\"897\" height=\"1024\" src=\"https:\/\/www.fasi-netz-zg.ch\/wp-content\/uploads\/2019\/11\/20190821_094453-897x1024.jpg\" alt=\"\" data-id=\"372\" data-full-url=\"https:\/\/www.fasi-netz-zg.ch\/wp-content\/uploads\/2019\/11\/20190821_094453-scaled.jpg\" data-link=\"https:\/\/www.fasi-netz-zg.ch\/?attachment_id=372\" class=\"wp-image-372\" srcset=\"https:\/\/www.fasi-netz-zg.ch\/wp-content\/uploads\/2019\/11\/20190821_094453-897x1024.jpg 897w, https:\/\/www.fasi-netz-zg.ch\/wp-content\/uploads\/2019\/11\/20190821_094453-263x300.jpg 263w, https:\/\/www.fasi-netz-zg.ch\/wp-content\/uploads\/2019\/11\/20190821_094453-768x877.jpg 768w, https:\/\/www.fasi-netz-zg.ch\/wp-content\/uploads\/2019\/11\/20190821_094453-1345x1536.jpg 1345w, https:\/\/www.fasi-netz-zg.ch\/wp-content\/uploads\/2019\/11\/20190821_094453-1794x2048.jpg 1794w\" sizes=\"(max-width: 706px) 89vw, (max-width: 767px) 82vw, 740px\" \/><figcaption class=\"blocks-gallery-item__caption\">Christina Lacher, Beisitzerin<\/figcaption><\/figure><\/li><li class=\"blocks-gallery-item\"><figure><img loading=\"lazy\" decoding=\"async\" width=\"768\" height=\"1024\" src=\"https:\/\/www.fasi-netz-zg.ch\/wp-content\/uploads\/2019\/11\/20190820_214456-768x1024.jpg\" alt=\"\" data-id=\"371\" data-full-url=\"https:\/\/www.fasi-netz-zg.ch\/wp-content\/uploads\/2019\/11\/20190820_214456-scaled.jpg\" data-link=\"https:\/\/www.fasi-netz-zg.ch\/?attachment_id=371\" class=\"wp-image-371\" srcset=\"https:\/\/www.fasi-netz-zg.ch\/wp-content\/uploads\/2019\/11\/20190820_214456-768x1024.jpg 768w, https:\/\/www.fasi-netz-zg.ch\/wp-content\/uploads\/2019\/11\/20190820_214456-225x300.jpg 225w, https:\/\/www.fasi-netz-zg.ch\/wp-content\/uploads\/2019\/11\/20190820_214456-1152x1536.jpg 1152w, https:\/\/www.fasi-netz-zg.ch\/wp-content\/uploads\/2019\/11\/20190820_214456-1536x2048.jpg 1536w, https:\/\/www.fasi-netz-zg.ch\/wp-content\/uploads\/2019\/11\/20190820_214456-scaled.jpg 1920w\" sizes=\"(max-width: 706px) 89vw, (max-width: 767px) 82vw, 740px\" \/><figcaption class=\"blocks-gallery-item__caption\">Martina Auf der Maur, Demo \/ H\u00fcttenwartin<\/figcaption><\/figure><\/li><li class=\"blocks-gallery-item\"><figure><img loading=\"lazy\" decoding=\"async\" width=\"768\" height=\"1024\" src=\"https:\/\/www.fasi-netz-zg.ch\/wp-content\/uploads\/2019\/11\/20190820_214402-768x1024.jpg\" alt=\"\" data-id=\"370\" data-full-url=\"https:\/\/www.fasi-netz-zg.ch\/wp-content\/uploads\/2019\/11\/20190820_214402-scaled.jpg\" data-link=\"https:\/\/www.fasi-netz-zg.ch\/?attachment_id=370\" class=\"wp-image-370\" srcset=\"https:\/\/www.fasi-netz-zg.ch\/wp-content\/uploads\/2019\/11\/20190820_214402-768x1024.jpg 768w, https:\/\/www.fasi-netz-zg.ch\/wp-content\/uploads\/2019\/11\/20190820_214402-225x300.jpg 225w, https:\/\/www.fasi-netz-zg.ch\/wp-content\/uploads\/2019\/11\/20190820_214402-1152x1536.jpg 1152w, https:\/\/www.fasi-netz-zg.ch\/wp-content\/uploads\/2019\/11\/20190820_214402-1536x2048.jpg 1536w, https:\/\/www.fasi-netz-zg.ch\/wp-content\/uploads\/2019\/11\/20190820_214402-scaled.jpg 1920w\" sizes=\"(max-width: 706px) 89vw, (max-width: 767px) 82vw, 740px\" \/><figcaption class=\"blocks-gallery-item__caption\">Patrick Schriber <br>Vizepr\u00e4sident \/ Medien<\/figcaption><\/figure><\/li><li class=\"blocks-gallery-item\"><figure><img loading=\"lazy\" decoding=\"async\" width=\"768\" height=\"1024\" src=\"https:\/\/www.fasi-netz-zg.ch\/wp-content\/uploads\/2019\/11\/20190820_214238-768x1024.jpg\" alt=\"\" data-id=\"369\" data-full-url=\"https:\/\/www.fasi-netz-zg.ch\/wp-content\/uploads\/2019\/11\/20190820_214238-scaled.jpg\" data-link=\"https:\/\/www.fasi-netz-zg.ch\/?attachment_id=369\" class=\"wp-image-369\" srcset=\"https:\/\/www.fasi-netz-zg.ch\/wp-content\/uploads\/2019\/11\/20190820_214238-768x1024.jpg 768w, https:\/\/www.fasi-netz-zg.ch\/wp-content\/uploads\/2019\/11\/20190820_214238-225x300.jpg 225w, https:\/\/www.fasi-netz-zg.ch\/wp-content\/uploads\/2019\/11\/20190820_214238-1152x1536.jpg 1152w, https:\/\/www.fasi-netz-zg.ch\/wp-content\/uploads\/2019\/11\/20190820_214238-1536x2048.jpg 1536w, https:\/\/www.fasi-netz-zg.ch\/wp-content\/uploads\/2019\/11\/20190820_214238-scaled.jpg 1920w\" sizes=\"(max-width: 706px) 89vw, (max-width: 767px) 82vw, 740px\" \/><figcaption class=\"blocks-gallery-item__caption\">Nicole Sari<br>Finanzen<\/figcaption><\/figure><\/li><li class=\"blocks-gallery-item\"><figure><img loading=\"lazy\" decoding=\"async\" width=\"768\" height=\"1024\" src=\"https:\/\/www.fasi-netz-zg.ch\/wp-content\/uploads\/2019\/11\/20190820_214157-768x1024.jpg\" alt=\"\" data-id=\"368\" data-full-url=\"https:\/\/www.fasi-netz-zg.ch\/wp-content\/uploads\/2019\/11\/20190820_214157-scaled.jpg\" data-link=\"https:\/\/www.fasi-netz-zg.ch\/?attachment_id=368\" class=\"wp-image-368\" srcset=\"https:\/\/www.fasi-netz-zg.ch\/wp-content\/uploads\/2019\/11\/20190820_214157-768x1024.jpg 768w, https:\/\/www.fasi-netz-zg.ch\/wp-content\/uploads\/2019\/11\/20190820_214157-225x300.jpg 225w, https:\/\/www.fasi-netz-zg.ch\/wp-content\/uploads\/2019\/11\/20190820_214157-1152x1536.jpg 1152w, https:\/\/www.fasi-netz-zg.ch\/wp-content\/uploads\/2019\/11\/20190820_214157-1536x2048.jpg 1536w, https:\/\/www.fasi-netz-zg.ch\/wp-content\/uploads\/2019\/11\/20190820_214157-scaled.jpg 1920w\" sizes=\"(max-width: 706px) 89vw, (max-width: 767px) 82vw, 740px\" \/><figcaption class=\"blocks-gallery-item__caption\">Andrea Joho <br>Aktuariat<\/figcaption><\/figure><\/li><li class=\"blocks-gallery-item\"><figure><img loading=\"lazy\" decoding=\"async\" width=\"768\" height=\"1024\" src=\"https:\/\/www.fasi-netz-zg.ch\/wp-content\/uploads\/2019\/11\/20190820_214119-768x1024.jpg\" alt=\"\" data-id=\"367\" data-full-url=\"https:\/\/www.fasi-netz-zg.ch\/wp-content\/uploads\/2019\/11\/20190820_214119-scaled.jpg\" data-link=\"https:\/\/www.fasi-netz-zg.ch\/?attachment_id=367\" class=\"wp-image-367\" srcset=\"https:\/\/www.fasi-netz-zg.ch\/wp-content\/uploads\/2019\/11\/20190820_214119-768x1024.jpg 768w, https:\/\/www.fasi-netz-zg.ch\/wp-content\/uploads\/2019\/11\/20190820_214119-225x300.jpg 225w, https:\/\/www.fasi-netz-zg.ch\/wp-content\/uploads\/2019\/11\/20190820_214119-1152x1536.jpg 1152w, https:\/\/www.fasi-netz-zg.ch\/wp-content\/uploads\/2019\/11\/20190820_214119-1536x2048.jpg 1536w, https:\/\/www.fasi-netz-zg.ch\/wp-content\/uploads\/2019\/11\/20190820_214119-scaled.jpg 1920w\" sizes=\"(max-width: 706px) 89vw, (max-width: 767px) 82vw, 740px\" \/><figcaption class=\"blocks-gallery-item__caption\">Stefan J\u00e4ggi <br>Umzug \/ Logistik<\/figcaption><\/figure><\/li><\/ul><\/figure>\n<\/div><\/div>\n\n\n\n<h2 class=\"has-text-align-center wp-block-heading\" id=\"contact-us\">Kontakt<\/h2>\n\n\n\n<p class=\"has-text-align-center\">Homepage: <a href=\"http:\/\/www.steigrind.ch\">www.steigrind.ch<\/a> \/ Mail: <a href=\"mailto:info@steigrind.ch\">info@steigrind.ch<\/a><\/p>\n\n\n\n<div style=\"height:16px\" aria-hidden=\"true\" class=\"wp-block-spacer desktop-only\"><\/div>\n\n\n\n<hr class=\"wp-block-separator is-style-wide\"\/>\n\n\n\n<div style=\"height:16px\" aria-hidden=\"true\" class=\"wp-block-spacer desktop-only\"><\/div>\n","protected":false},"excerpt":{"rendered":"<p>Steivater Gregor I. Motto: Meerw\u00e4gst\u00fc\u00fcr Anl\u00e4sse \/ Agenda \/ Anmeldungen Inthronisation01. Februar 2020 Am 01. Februar 2020 wird unser neuer Steivater Gregor I. in Amt und W\u00fcrden gesetzt. Ab 18.30 Uhr Steigrind-Taufe auf dem Kreisel im Dorf, ab 20.00 Uhr Inthronisation im Gemeindesaal Steinhausen. Sei dabei, reserviere Deinen Platz und teile der Zeremonienmeistern Christina I. &hellip; <\/p>\n<p class=\"link-more\"><a href=\"https:\/\/www.fasi-netz-zg.ch\/?page_id=37\" class=\"more-link\"><span class=\"screen-reader-text\">\u201eSteinhausen\u201c<\/span> weiterlesen<\/a><\/p>\n","protected":false},"author":1,"featured_media":0,"parent":0,"menu_order":0,"comment_status":"closed","ping_status":"closed","template":"","meta":{"footnotes":""},"class_list":["post-37","page","type-page","status-publish","hentry"],"_links":{"self":[{"href":"https:\/\/www.fasi-netz-zg.ch\/index.php?rest_route=\/wp\/v2\/pages\/37"}],"collection":[{"href":"https:\/\/www.fasi-netz-zg.ch\/index.php?rest_route=\/wp\/v2\/pages"}],"about":[{"href":"https:\/\/www.fasi-netz-zg.ch\/index.php?rest_route=\/wp\/v2\/types\/page"}],"author":[{"embeddable":true,"href":"https:\/\/www.fasi-netz-zg.ch\/index.php?rest_route=\/wp\/v2\/users\/1"}],"replies":[{"embeddable":true,"href":"https:\/\/www.fasi-netz-zg.ch\/index.php?rest_route=%2Fwp%2Fv2%2Fcomments&post=37"}],"version-history":[{"count":10,"href":"https:\/\/www.fasi-netz-zg.ch\/index.php?rest_route=\/wp\/v2\/pages\/37\/revisions"}],"predecessor-version":[{"id":436,"href":"https:\/\/www.fasi-netz-zg.ch\/index.php?rest_route=\/wp\/v2\/pages\/37\/revisions\/436"}],"wp:attachment":[{"href":"https:\/\/www.fasi-netz-zg.ch\/index.php?rest_route=%2Fwp%2Fv2%2Fmedia&parent=37"}],"curies":[{"name":"wp","href":"https:\/\/api.w.org\/{rel}","templated":true}]}}