{"id":328,"date":"2019-11-17T12:48:36","date_gmt":"2019-11-17T11:48:36","guid":{"rendered":"https:\/\/www.fasi-netz-zg.ch\/?page_id=328"},"modified":"2020-02-12T18:49:00","modified_gmt":"2020-02-12T17:49:00","slug":"februar-2020","status":"publish","type":"page","link":"https:\/\/www.fasi-netz-zg.ch\/?page_id=328","title":{"rendered":"Februar 2020"},"content":{"rendered":"\n<p class=\"has-background has-normal-font-size has-luminous-vivid-amber-background-color\"><strong>01. Februar 2020 \/ Samstag<\/strong><br><em><strong>Steinhausen<\/strong><\/em> <br>Grindetaufe \/ 18.30 Uhr \/ Dorfkreisel <br>Inthronisation \/ 20.00 Uhr \/ Gemeindesaal <br><strong><em>Zug \/ Lebuz<\/em><\/strong><br>Inthronisation Baar<br>Inthronisation Steinhausen <\/p>\n\n\n\n<p class=\"has-background has-light-green-cyan-background-color\"><strong>14. Februar 2020 \/ Freitag<\/strong> <br><em><strong>Steinhausen<\/strong><\/em> <br><a href=\"https:\/\/www.straccer.ch\/agenda\/straccer-ball\/\">Straccerball<\/a> \/ 20.00 Uhr \/ Sunnegrund IV<\/p>\n\n\n\n<p class=\"has-background has-vivid-green-cyan-background-color\"><strong>15. Februar 2020 \/ Samstag<\/strong> <br><em><strong>Zug \/ Lebuz<\/strong><\/em> <br><a href=\"https:\/\/www.straccer.ch\/agenda\/straccer-ball\/\">eventuell Nachtumzug Sattel<\/a> <br>R\u00e4bech\u00fcngball Baar<br><strong><em>Cham<\/em><\/strong><br>17.00 Uhr Fasi Warm-\u00f6p unter dem Motto: M\u00e4rlistund<br>Wirtschaft zum Gl\u00fcck \/ Rigiplatz<br>19.00 Uhr Hans Aufh\u00e4ngte<br> Wirtschaft zum Gl\u00fcck \/ Rigiplatz<\/p>\n\n\n\n<p class=\"has-background has-pale-cyan-blue-background-color\"><strong>18. Februar 2020 \/ Dienstag<\/strong> <br><em><strong>Steinhausen<\/strong><\/em> <br>Chappeabig \/ Chilemattzentrum <br>18.00 Uhr Ap\u00e9ro und Abendessen &#8211; <a href=\"mailto:info@chappeabig.ch\">Anmeldung<\/a> !<br>20.00 Uhr Tanz und gem\u00fctliches Beisammensein <\/p>\n\n\n\n<p class=\"has-background has-pale-pink-background-color\"><strong>20. Februar 2020 \/ Schmudo <\/strong><br><em><strong>Steinhausen<\/strong><\/em><br>Seniorennachmittag \/ 14.30 Uhr \/ Chilemattzentrum <br>W\u00f6schwyberball \/ 19.00 Uhr \/ Gasthaus R\u00f6ssli <br>Schnitzelb\u00e4nke \/ 20.00 Uhr \/ Diverse Restaurants <br><em><strong>Zug \/ Lebuz <\/strong><\/em><br>Chesslete \/ 05.00 Uhr \/ Altstadt &#8230; Bundesplatz &#8230; Metalli<br>Kinderumzug<br><em><strong>Cham<\/strong><\/em><br>18.00 Uhr CHAMaFASIa &#8211; SchmuDo bei Ludo<br>Schnitzelb\u00e4nke Plus, Rest. Lorzenhof im Neudorf<br>19.30 Uhr H\u00fcnenberger &#8222;Schnitzelb\u00e4nke&#8220;<br>Rest, Raben, Cham<br>20.00 Uhr Br\u00e4ndlih\u00fctte Er\u00f6ffnungsparty<br>abends Konklave Hoduh\u00f6nd, Rigiplatz<br>abends Dornr\u00f6schenball, Wirtschaft zum Gl\u00fcck<\/p>\n\n\n\n<p class=\"has-background has-luminous-vivid-amber-background-color\"><strong>21. Februar 2020 \/ Fasi-Friitig <\/strong><br><em><strong>Steinhausen<\/strong><\/em><br>Umzug \/ 14.30 Uhr<br>Guggernacht \/ Start nach em Umzug <br>Organisator: Guggemusig Steischr\u00e4nzer <br>n\u00e4here Infos unter: <a href=\"http:\/\/www.guggernacht.ch\">http:\/\/www.guggernacht.ch<\/a><br>Fasi-Bar im Schnitz &amp; Gwunder \/ ab 18.00 Uhr<br><em><strong>Zug \/ Lebuz <\/strong><\/em><br>Umzug Steinhausen <br>17:00 Uhr Alterszentrum Herti <br><em><strong>Cham<\/strong><\/em><br>ganztags M\u00e4rlisunntig, Wirtschaft zum Gl\u00fcck<br>Habemus Hoduhund, Rigiplatz<br>17.00 Uhr Garteparty, Rigiplatz<br>17.00 Uhr SonderBar \/ Motto: Hells Bells,<br>Restaurant Raben, Cham<br>18.00 Uhr Notaufnahme auf eigene Gefahr <br>Dorfplatz, Cham<br>18.00 Uhr Rock the FASI<br>La Barrica, Cham<br>19.00 Uhr Fasnacht-Schwof <br>Restaurant Steirereck, Cham<br>19.30 Uhr Damen vom Grill, Rest. Raben, Cham<br>19.30 Uhr Giftspr\u00fctzi, Rest. Lorzenhof, Cham <br>20.00 Uhr Br\u00e4ndlih\u00fctte, Party mit Feuer im F\u00fcdl\u00e4<br>in der Schwinghalle, Cham<br>20.30 Uhr Tschickenhillers, Rest. Raben, Cham<br>21.30 Uhr Damen vom Grill, Lorzenhof im Neudorf<br>21.30 Uhr Giftspr\u00fctzi, Rest. Raben, Cham <\/p>\n\n\n\n<p class=\"has-background has-pale-cyan-blue-background-color\"><strong>22. Februar 2020 \/ Samstag <\/strong><br><strong><em>Steinhausen<\/em><\/strong><br>Umzug Herti <br>17.30 Uhr \/ Fasnachtsgottesdienst \/ Kirche Don Bosco <br>Chilemattzentrum<br><strong><em>Cham<\/em><\/strong><br>M\u00fc\u00fcrig 2020<br>Organisator: Gugge Holdriof\u00e4ger <br>weitere Infos unter <a href=\"https:\/\/www.holdriofaeger.ch\">https:\/\/www.holdriofaeger.ch<\/a> <br><em><strong>Zug \/ Lebuz <\/strong><\/em><br>Umzug Herti <br>Organisator: Zunft der Letzibuz\u00e4li, Zug <br>n\u00e4here Infos unter: <a href=\"http:\/\/lebuz.ch\/newhomepage\/anmeldung-umzug.html\">http:\/\/lebuz.ch\/newhomepage\/anmeldung-umzug.html<\/a><br><em><strong>Cham<\/strong><\/em><br>ganztags H\u00e4nselball, Motto: H\u00e4nsel &amp; Gretal<br>Wirtschaft zum Gl\u00fcck, Rigiplatz<br>abends Beichte \u00e0 Diskretion, Hoduh\u00fcnd, Rigiplatz<br>15.00 Uhr Rest. Bl\u00e4ch, Dorfplatz<br>15.00 Uhr Notaufnahme auf eigene Gefahr, Dorfplatz<br>16.00 Uhr Br\u00e4ndlih\u00fctte, Party mit 1000 Grad<br>Schwinghalle<br>17.30 Uhr M\u00fc\u00fcrig, Monsterkonzert mit Ap\u00e9ro <br>Gugge Holdiof\u00e4ger, Dorfplatz<br>18.00 Uhr Rock the FASI, La Barrica, Cham<br>19.30 Uhr Giftspr\u00fctzi, Rest. Bahnhof, Cham<br>19.30 Uhr Damen vom Grill, Rest. R\u00f6ssli, Cham <br>20.00 Uhr M\u00fc\u00fcrig, Lorzensaal <br>21.30 Uhr Giftspr\u00fctzi, Rest. R\u00f6ssli, Cham<br>21.30 Uhr Damen vom Grill, Rest. Bahnhof, Cham<\/p>\n\n\n\n<p class=\"has-background has-pale-pink-background-color\"><strong>23. Februar 2020 \/ Sonntag <\/strong><br><strong><em>Steinhausen<\/em><\/strong><br>Umzug Baar<br><em><strong>Zug \/ Lebuz <\/strong><\/em><br>Umzug Baar <br><strong><em>Baar<\/em><\/strong><br>Belcantos Ball \/ Gemeindesaal<br>Organisator: Guggenmusik Belcantos, Baar<br>Motto: R\u00c4UBER H\u00d6HLI Neon Party <br>und davor Kaffistube von 15.00 bis 18.00 Uhr <br>n\u00e4here Infos unter folgendem Link:<br> <a href=\"https:\/\/www.belcantos.ch\/belcantos-ball-2020\/\">https:\/\/www.belcantos.ch\/belcantos-ball-2020\/<\/a><br><strong><em>Cham<\/em><\/strong><br>05.00 Uhr Katerfr\u00fchst\u00fcck, La Barrica, Cham<br>14.00 Uhr Fasi-Umzug Rotkreuz, Rotkreuz <\/p>\n\n\n\n<p class=\"has-background has-light-green-cyan-background-color\"><strong>24. Februar 2020 \/ Montag<\/strong><br><strong><em>Cham<\/em><\/strong><br>19.30 Uhr Giftspr\u00fctzi, Rest. Sonne, Hagendorn<br>19.30 Uhr Damen vom Grill, Rest. Rosengarten, Lindencham <br>21.30 Uhr Giftspr\u00fctzi, Rest. Rosengarten, Lindencham <br>21.30 Uhr Damen vom Grill, Rest. Sonne, Hagendorn<\/p>\n\n\n\n<p class=\"has-background has-luminous-vivid-amber-background-color\"><strong>25. Februar 2020 \/ Dienstag<\/strong><br><strong><em>Steinhausen<\/em><\/strong><br>18.30 Uhr Grindverbrennung, Mattenstrasse <br>19.00 Uhr Uuslumpete, Rest. Schnitz &amp; Gwunder, Steinhausen<br><strong><em>Cham<\/em><\/strong> <br>14.30 Uhr Fasi-Umzug, H\u00fcnenberg Dorf<br>17.58 Uhr Hans und Kehricht-Verbr\u00e4nnete <br>im H\u00fcnenberger H\u00f6llenfeuer<\/p>\n\n\n\n<p><\/p>\n","protected":false},"excerpt":{"rendered":"<p>01. Februar 2020 \/ SamstagSteinhausen Grindetaufe \/ 18.30 Uhr \/ Dorfkreisel Inthronisation \/ 20.00 Uhr \/ Gemeindesaal Zug \/ LebuzInthronisation BaarInthronisation Steinhausen 14. Februar 2020 \/ Freitag Steinhausen Straccerball \/ 20.00 Uhr \/ Sunnegrund IV 15. Februar 2020 \/ Samstag Zug \/ Lebuz eventuell Nachtumzug Sattel R\u00e4bech\u00fcngball BaarCham17.00 Uhr Fasi Warm-\u00f6p unter dem Motto: M\u00e4rlistundWirtschaft &hellip; <\/p>\n<p class=\"link-more\"><a href=\"https:\/\/www.fasi-netz-zg.ch\/?page_id=328\" class=\"more-link\"><span class=\"screen-reader-text\">\u201eFebruar 2020\u201c<\/span> weiterlesen<\/a><\/p>\n","protected":false},"author":2,"featured_media":0,"parent":0,"menu_order":0,"comment_status":"closed","ping_status":"closed","template":"","meta":{"footnotes":""},"class_list":["post-328","page","type-page","status-publish","hentry"],"_links":{"self":[{"href":"https:\/\/www.fasi-netz-zg.ch\/index.php?rest_route=\/wp\/v2\/pages\/328"}],"collection":[{"href":"https:\/\/www.fasi-netz-zg.ch\/index.php?rest_route=\/wp\/v2\/pages"}],"about":[{"href":"https:\/\/www.fasi-netz-zg.ch\/index.php?rest_route=\/wp\/v2\/types\/page"}],"author":[{"embeddable":true,"href":"https:\/\/www.fasi-netz-zg.ch\/index.php?rest_route=\/wp\/v2\/users\/2"}],"replies":[{"embeddable":true,"href":"https:\/\/www.fasi-netz-zg.ch\/index.php?rest_route=%2Fwp%2Fv2%2Fcomments&post=328"}],"version-history":[{"count":16,"href":"https:\/\/www.fasi-netz-zg.ch\/index.php?rest_route=\/wp\/v2\/pages\/328\/revisions"}],"predecessor-version":[{"id":511,"href":"https:\/\/www.fasi-netz-zg.ch\/index.php?rest_route=\/wp\/v2\/pages\/328\/revisions\/511"}],"wp:attachment":[{"href":"https:\/\/www.fasi-netz-zg.ch\/index.php?rest_route=%2Fwp%2Fv2%2Fmedia&parent=328"}],"curies":[{"name":"wp","href":"https:\/\/api.w.org\/{rel}","templated":true}]}}