{"id":117,"date":"2019-11-17T12:36:03","date_gmt":"2019-11-17T11:36:03","guid":{"rendered":"https:\/\/5tejahreszeit.wordpress.com\/?page_id=102"},"modified":"2019-11-17T16:00:07","modified_gmt":"2019-11-17T15:00:07","slug":"agenda-2","status":"publish","type":"page","link":"https:\/\/www.fasi-netz-zg.ch\/?page_id=117","title":{"rendered":"Agenda"},"content":{"rendered":"\n<p class=\"has-background has-luminous-vivid-amber-background-color\">Du m\u00f6chtest wissen, was z.B. am Schmudo in den vernetzten Fasi-Hochburgen des Kantons Zug so los ist ? <br><br>Oder m\u00f6chtest Du an einem Vor-Fasnachts-Weekend schon feiern und Dich auf einen Blick dar\u00fcber informieren, in welchen der vernetzten Fasi-Gemeinden bei welchen Anl\u00e4ssen gefeiert werden kann ? <br><br>In dieser Agenda sind alle Anl\u00e4sse, Umz\u00fcge, B\u00e4lle etc. in den vernetzten Gemeinden auf einen Blick ersichtlich. Jeder Tag vom 11.11 bis zum Aschermittwoch, an welchem in irgendeiner Gemeinde etwas zum Thema 5. Jahreszeit angeboten wird, ist in der Agenda erw\u00e4hnt. Zudem siehst Du auch, an welchen Anl\u00e4ssen Du Vertreter der jeweiligen Fasnachtsgesellschaft oder Zunft antreffen kannst. <br><br>Such Dein Datum und Du siehst auf einen Blick, wo Du gemeinsam mit anderen fasnachtsbegeisterten Seelen feiern kannst. <\/p>\n\n\n\n<p><\/p>\n\n\n\n<p> <\/p>\n","protected":false},"excerpt":{"rendered":"<p>Du m\u00f6chtest wissen, was z.B. am Schmudo in den vernetzten Fasi-Hochburgen des Kantons Zug so los ist ? Oder m\u00f6chtest Du an einem Vor-Fasnachts-Weekend schon feiern und Dich auf einen Blick dar\u00fcber informieren, in welchen der vernetzten Fasi-Gemeinden bei welchen Anl\u00e4ssen gefeiert werden kann ? In dieser Agenda sind alle Anl\u00e4sse, Umz\u00fcge, B\u00e4lle etc. in &hellip; <\/p>\n<p class=\"link-more\"><a href=\"https:\/\/www.fasi-netz-zg.ch\/?page_id=117\" class=\"more-link\"><span class=\"screen-reader-text\">\u201eAgenda\u201c<\/span> weiterlesen<\/a><\/p>\n","protected":false},"author":1,"featured_media":0,"parent":0,"menu_order":0,"comment_status":"closed","ping_status":"closed","template":"","meta":{"footnotes":""},"class_list":["post-117","page","type-page","status-publish","hentry"],"_links":{"self":[{"href":"https:\/\/www.fasi-netz-zg.ch\/index.php?rest_route=\/wp\/v2\/pages\/117"}],"collection":[{"href":"https:\/\/www.fasi-netz-zg.ch\/index.php?rest_route=\/wp\/v2\/pages"}],"about":[{"href":"https:\/\/www.fasi-netz-zg.ch\/index.php?rest_route=\/wp\/v2\/types\/page"}],"author":[{"embeddable":true,"href":"https:\/\/www.fasi-netz-zg.ch\/index.php?rest_route=\/wp\/v2\/users\/1"}],"replies":[{"embeddable":true,"href":"https:\/\/www.fasi-netz-zg.ch\/index.php?rest_route=%2Fwp%2Fv2%2Fcomments&post=117"}],"version-history":[{"count":5,"href":"https:\/\/www.fasi-netz-zg.ch\/index.php?rest_route=\/wp\/v2\/pages\/117\/revisions"}],"predecessor-version":[{"id":531,"href":"https:\/\/www.fasi-netz-zg.ch\/index.php?rest_route=\/wp\/v2\/pages\/117\/revisions\/531"}],"wp:attachment":[{"href":"https:\/\/www.fasi-netz-zg.ch\/index.php?rest_route=%2Fwp%2Fv2%2Fmedia&parent=117"}],"curies":[{"name":"wp","href":"https:\/\/api.w.org\/{rel}","templated":true}]}}